{"id":65,"date":"2022-01-12T14:02:12","date_gmt":"2022-01-12T14:02:12","guid":{"rendered":"https:\/\/renewhost.com.br\/?page_id=65"},"modified":"2022-01-27T21:37:11","modified_gmt":"2022-01-27T21:37:11","slug":"nossos-planos-de-hospedagem","status":"publish","type":"page","link":"https:\/\/renewhost.com.br\/?page_id=65","title":{"rendered":"Nossos Planos de Hospedagem"},"content":{"rendered":"\n<p>Escolha o plano de hospedagem ideal para seu projeto!<\/p>\n\n\n\n<h3>PLANO B\u00c1SICO<\/h3>\n\n\n\n<figure class=\"wp-block-image size-full\"><img loading=\"lazy\" width=\"331\" height=\"371\" src=\"https:\/\/renewhost.com.br\/wp-content\/uploads\/2022\/01\/plano-basico.png\" alt=\"\" class=\"wp-image-134\" srcset=\"https:\/\/renewhost.com.br\/wp-content\/uploads\/2022\/01\/plano-basico.png 331w, https:\/\/renewhost.com.br\/wp-content\/uploads\/2022\/01\/plano-basico-268x300.png 268w\" sizes=\"(max-width: 331px) 100vw, 331px\" \/><\/figure>\n\n\n\n<p>Para quem est\u00e1 <strong>dando os primeiros passos na internet.<\/strong><\/p>\n\n\n\n<p><strong>Apenas R$ 19,99\/m\u00eas!<\/strong><\/p>\n\n\n\n<div class=\"wp-block-buttons\">\n<div class=\"wp-block-button\"><a class=\"wp-block-button__link has-very-light-gray-color has-vivid-cyan-blue-to-vivid-purple-gradient-background has-text-color has-background\">Contrate Agora<\/a><\/div>\n<\/div>\n\n\n\n<h3>Plano Business<\/h3>\n\n\n\n<figure class=\"wp-block-image size-full\"><img loading=\"lazy\" width=\"332\" height=\"415\" src=\"https:\/\/renewhost.com.br\/wp-content\/uploads\/2022\/01\/plano-business.png\" alt=\"\" class=\"wp-image-132\" srcset=\"https:\/\/renewhost.com.br\/wp-content\/uploads\/2022\/01\/plano-business.png 332w, https:\/\/renewhost.com.br\/wp-content\/uploads\/2022\/01\/plano-business-240x300.png 240w\" sizes=\"(max-width: 332px) 100vw, 332px\" \/><\/figure>\n\n\n\n<p>Para <strong>projetos em crescimento!<\/strong><\/p>\n\n\n\n<p><strong>Apenas R$ 29,99\/m\u00eas!<\/strong><\/p>\n\n\n\n<div class=\"wp-block-buttons\">\n<div class=\"wp-block-button\"><a class=\"wp-block-button__link has-very-light-gray-color has-vivid-cyan-blue-to-vivid-purple-gradient-background has-text-color has-background\">Contrate Agora<\/a><\/div>\n<\/div>\n\n\n\n<h3>Plano Avan\u00e7ado<\/h3>\n\n\n\n<figure class=\"wp-block-image size-full\"><img loading=\"lazy\" width=\"321\" height=\"489\" src=\"https:\/\/renewhost.com.br\/wp-content\/uploads\/2022\/01\/plano-premium.png\" alt=\"\" class=\"wp-image-133\" srcset=\"https:\/\/renewhost.com.br\/wp-content\/uploads\/2022\/01\/plano-premium.png 321w, https:\/\/renewhost.com.br\/wp-content\/uploads\/2022\/01\/plano-premium-197x300.png 197w\" sizes=\"(max-width: 321px) 100vw, 321px\" \/><\/figure>\n\n\n\n<p>Para quem busca <strong>alto desempenho!<\/strong><\/p>\n\n\n\n<p><strong>Apenas R$ 39,99\/m\u00eas!<\/strong><\/p>\n\n\n\n<div class=\"wp-block-buttons\">\n<div class=\"wp-block-button\"><a class=\"wp-block-button__link has-very-light-gray-color has-vivid-cyan-blue-to-vivid-purple-gradient-background has-text-color has-background\">Contrate Agora<\/a><\/div>\n<\/div>\n\n\n\n<h2>Todos os nossos planos incluem:<\/h2>\n\n\n\n<h4>Certificado de Seguran\u00e7a SSL<\/h4>\n\n\n\n<p>Navega\u00e7\u00e3o segura com SSL Gr\u00e1tis para todas as suas p\u00e1ginas.<\/p>\n\n\n\n<h4>E-mail profissional Gr\u00e1tis<\/h4>\n\n\n\n<p>Crie e-mails profissionais (@seudominio) para alavancar a confian\u00e7a no seu projeto.<\/p>\n\n\n\n<h4>Atendimento especializado<\/h4>\n\n\n\n<p>Suporte t\u00e9cnico e administrativo de alto n\u00edvel, em portugu\u00eas, 24h por dia.<\/p>\n\n\n\n<h4><strong>Instalador f\u00e1cil de aplica\u00e7\u00f5es<\/strong><\/h4>\n\n\n\n<p>Crie seu site com WordPress, Joomla, Magento, PrestaShop e outras plataformas.<\/p>\n\n\n\n<h4><strong>Criador de sites r\u00e1pido<\/strong><\/h4>\n\n\n\n<p>Com bancos de imagens gr\u00e1tis e integra\u00e7\u00f5es prontas.<\/p>\n\n\n\n<h4><strong>Painel de controle cPanel<\/strong><\/h4>\n\n\n\n<p>Para simplificar a gest\u00e3o dos seus sites, dom\u00ednios, e-mails e muito mais.<\/p>\n\n\n\n<h2>Suporte 24 horas \/ 7 dias por semana<\/h2>\n\n\n\n<p>Nossos especialistas em hospedagem est\u00e3o aqui para ajudar voc\u00ea, n\u00e3o importa o tamanho do seu projeto. Conte com a gente no chat e e-mail, todos os dias do ano.<\/p>\n","protected":false},"excerpt":{"rendered":"<p>Escolha o plano de hospedagem ideal para seu projeto! PLANO B\u00c1SICO Para quem est\u00e1 dando os primeiros passos na internet. [&hellip;]<\/p>\n","protected":false},"author":1,"featured_media":0,"parent":0,"menu_order":0,"comment_status":"closed","ping_status":"closed","template":"","meta":[],"_links":{"self":[{"href":"https:\/\/renewhost.com.br\/index.php?rest_route=\/wp\/v2\/pages\/65"}],"collection":[{"href":"https:\/\/renewhost.com.br\/index.php?rest_route=\/wp\/v2\/pages"}],"about":[{"href":"https:\/\/renewhost.com.br\/index.php?rest_route=\/wp\/v2\/types\/page"}],"author":[{"embeddable":true,"href":"https:\/\/renewhost.com.br\/index.php?rest_route=\/wp\/v2\/users\/1"}],"replies":[{"embeddable":true,"href":"https:\/\/renewhost.com.br\/index.php?rest_route=%2Fwp%2Fv2%2Fcomments&post=65"}],"version-history":[{"count":2,"href":"https:\/\/renewhost.com.br\/index.php?rest_route=\/wp\/v2\/pages\/65\/revisions"}],"predecessor-version":[{"id":135,"href":"https:\/\/renewhost.com.br\/index.php?rest_route=\/wp\/v2\/pages\/65\/revisions\/135"}],"wp:attachment":[{"href":"https:\/\/renewhost.com.br\/index.php?rest_route=%2Fwp%2Fv2%2Fmedia&parent=65"}],"curies":[{"name":"wp","href":"https:\/\/api.w.org\/{rel}","templated":true}]}}