{"id":90,"date":"2022-01-12T14:52:27","date_gmt":"2022-01-12T14:52:27","guid":{"rendered":"https:\/\/renewhost.com.br\/?page_id=90"},"modified":"2022-01-12T14:52:27","modified_gmt":"2022-01-12T14:52:27","slug":"conheca-a-renew-host","status":"publish","type":"page","link":"https:\/\/renewhost.com.br\/?page_id=90","title":{"rendered":"Conhe\u00e7a a Renew Host"},"content":{"rendered":"\n<figure class=\"wp-block-image size-full\"><img loading=\"lazy\" width=\"580\" height=\"198\" src=\"https:\/\/renewhost.com.br\/wp-content\/uploads\/2022\/01\/renewhost.jpg\" alt=\"\" class=\"wp-image-69\" srcset=\"https:\/\/renewhost.com.br\/wp-content\/uploads\/2022\/01\/renewhost.jpg 580w, https:\/\/renewhost.com.br\/wp-content\/uploads\/2022\/01\/renewhost-300x102.jpg 300w\" sizes=\"(max-width: 580px) 100vw, 580px\" \/><\/figure>\n\n\n\n<p>Nossa empresa foi constitu\u00edda atrav\u00e9s da necessidade que percebemos no mercado de um servi\u00e7o de alta qualidade e confiabilidade.<\/p>\n\n\n\n<p>Pensamos em todas as facilidades para transformar a sua ideia em um <strong>projeto online de sucesso!<\/strong><\/p>\n\n\n\n<p>Criada atrav\u00e9s do grupo<strong><a href=\"http:\/\/www.renewdesign.com.br\" title=\" Renew Design\"> Renew Design<\/a><\/strong>, oferecemos uma hospedagem de site seguro, confi\u00e1vel e com muita facilidade para simplificar a sua gest\u00e3o de sites com um painel de controle <strong>CPanel.<\/strong><\/p>\n\n\n\n<h2>Portal do cliente completo<\/h2>\n\n\n\n<p>Acesso \u00e0s principais funcionalidades do seu plano, al\u00e9m de guia para te ajudar nos primeiros passos para a cria\u00e7\u00e3o de sites e e-mails, altera\u00e7\u00e3o de DNS e muito mais. Tudo mostrado passo a passo.<\/p>\n","protected":false},"excerpt":{"rendered":"<p>Nossa empresa foi constitu\u00edda atrav\u00e9s da necessidade que percebemos no mercado de um servi\u00e7o de alta qualidade e confiabilidade. Pensamos [&hellip;]<\/p>\n","protected":false},"author":1,"featured_media":0,"parent":0,"menu_order":0,"comment_status":"closed","ping_status":"closed","template":"","meta":[],"_links":{"self":[{"href":"https:\/\/renewhost.com.br\/index.php?rest_route=\/wp\/v2\/pages\/90"}],"collection":[{"href":"https:\/\/renewhost.com.br\/index.php?rest_route=\/wp\/v2\/pages"}],"about":[{"href":"https:\/\/renewhost.com.br\/index.php?rest_route=\/wp\/v2\/types\/page"}],"author":[{"embeddable":true,"href":"https:\/\/renewhost.com.br\/index.php?rest_route=\/wp\/v2\/users\/1"}],"replies":[{"embeddable":true,"href":"https:\/\/renewhost.com.br\/index.php?rest_route=%2Fwp%2Fv2%2Fcomments&post=90"}],"version-history":[{"count":1,"href":"https:\/\/renewhost.com.br\/index.php?rest_route=\/wp\/v2\/pages\/90\/revisions"}],"predecessor-version":[{"id":91,"href":"https:\/\/renewhost.com.br\/index.php?rest_route=\/wp\/v2\/pages\/90\/revisions\/91"}],"wp:attachment":[{"href":"https:\/\/renewhost.com.br\/index.php?rest_route=%2Fwp%2Fv2%2Fmedia&parent=90"}],"curies":[{"name":"wp","href":"https:\/\/api.w.org\/{rel}","templated":true}]}}